{"id":756,"date":"2025-02-25T07:04:24","date_gmt":"2025-02-25T07:04:24","guid":{"rendered":"https:\/\/onml.dz\/?page_id=756"},"modified":"2025-02-25T07:06:12","modified_gmt":"2025-02-25T07:06:12","slug":"actualites","status":"publish","type":"page","link":"https:\/\/onml.dz\/ar\/actualites\/","title":{"rendered":"Actualit\u00e9s"},"content":{"rendered":"<div data-elementor-type=\"wp-page\" data-elementor-id=\"756\" class=\"elementor elementor-756\" data-elementor-post-type=\"page\">\n\t\t\t\t<div class=\"elementor-element elementor-element-33c10d2 e-flex e-con-boxed e-con e-parent\" data-id=\"33c10d2\" data-element_type=\"container\">\n\t\t\t\t\t<div class=\"e-con-inner\">\n\t\t\t\t<div class=\"elementor-element elementor-element-687c827 premium-blog-align-justify elementor-widget elementor-widget-premium-addon-blog\" data-id=\"687c827\" data-element_type=\"widget\" data-settings=\"{&quot;premium_blog_columns_number&quot;:&quot;33.33%&quot;,&quot;premium_blog_grid&quot;:&quot;yes&quot;,&quot;premium_blog_layout&quot;:&quot;even&quot;,&quot;premium_blog_columns_number_tablet&quot;:&quot;50%&quot;,&quot;premium_blog_columns_number_mobile&quot;:&quot;100%&quot;}\" data-widget_type=\"premium-addon-blog.default\">\n\t\t\t\t<div class=\"elementor-widget-container\">\n\t\t\t\t\t\r\n\t\t\t\t<div class=\"premium-blog-wrap  premium-blog-even\" data-page=\"756\">\r\n\t\t\t\t\t<div class=\"premium-blog-post-outer-container\" data-total=\"1\">\r\n\t\t\t<div class=\"premium-blog-post-container premium-blog-skin-modern\">\r\n\t\t\t\t\t\t\t\t\t<div class=\"premium-blog-thumb-effect-wrapper\">\r\n\t\t\t\t\t\t<div class=\"premium-blog-thumbnail-container premium-blog-zoomin-effect\">\r\n\t\t\t\t\t\t\t\t\t\t\t<a href=\"https:\/\/onml.dz\/ar\/2025\/06\/03\/participation-de-loffice-algerien-de-metrologie-aux-seminaires-virtuels-dans-le-cadre-de-la-cooperation-algero-russe\/\" target=\"_blank\">\r\n\t\t\t\t<img fetchpriority=\"high\" decoding=\"async\" width=\"579\" height=\"357\" src=\"https:\/\/onml.dz\/wp-content\/uploads\/2025\/06\/Capture01.png\" class=\"attachment-full size-full wp-image-1294\" alt=\"Dans le cadre du renforcement de la coop\u00e9ration technique entre l\u2019Alg\u00e9rie et la Russie dans le domaine de la m\u00e9trologie, l\u2019Office Alg\u00e9rien de M\u00e9trologie (OAM) a activement particip\u00e9 \u00e0 trois s\u00e9minaires virtuels organis\u00e9s par l\u2019Institut National de M\u00e9trologie de Russie (VNIIMS) et le centre Rostest Moscou.\" srcset=\"https:\/\/onml.dz\/wp-content\/uploads\/2025\/06\/Capture01.png 579w, https:\/\/onml.dz\/wp-content\/uploads\/2025\/06\/Capture01-300x185.png 300w, https:\/\/onml.dz\/wp-content\/uploads\/2025\/06\/Capture01-18x12.png 18w\" sizes=\"(max-width: 579px) 100vw, 579px\" \/>\t\t\t\t<\/a>\r\n\t\t\t\t\t\t\t\t\t\t<\/div>\r\n\t\t\t\t\t\t\t\t\t\t\t\t\t<div class=\"premium-blog-effect-container premium-blog-squares-effect\">\r\n\t\t\t\t\t\t\t\t<a class=\"premium-blog-post-link\" href=\"https:\/\/onml.dz\/ar\/2025\/06\/03\/participation-de-loffice-algerien-de-metrologie-aux-seminaires-virtuels-dans-le-cadre-de-la-cooperation-algero-russe\/\" target=\"_blank\"><span>Participation de l\u2019Office Alg\u00e9rien de M\u00e9trologie aux s\u00e9minaires virtuels dans le cadre de la coop\u00e9ration Alg\u00e9ro-russe<\/span><\/a>\r\n\t\t\t\t\t\t\t\t\t\t\t\t\t\t\t\t\t<div class=\"premium-blog-squares-square-container\"><\/div>\r\n\t\t\t\t\t\t\t\t\t\t\t\t\t\t\t<\/div>\r\n\t\t\t\t\t\t\t\t\t\t\t<\/div>\r\n\t\t\t\t\t\t\t\t\t\t\t\t<div class=\"premium-blog-content-wrapper\">\r\n\r\n\t\t\t\t\t<div class=\"premium-blog-inner-container\">\r\n\r\n\t\t\t\t\t\t\t\t\t\t\t\t\t\t<h2 class=\"premium-blog-entry-title\">\r\n\t\t\t<a href=\"https:\/\/onml.dz\/ar\/2025\/06\/03\/participation-de-loffice-algerien-de-metrologie-aux-seminaires-virtuels-dans-le-cadre-de-la-cooperation-algero-russe\/\" target=\"_blank\">\r\n\t\t\t\tParticipation de l\u2019Office Alg\u00e9rien de M\u00e9trologie aux s\u00e9minaires virtuels dans le cadre de la coop\u00e9ration Alg\u00e9ro-russe\t\t\t<\/a>\r\n\t\t<\/h2>\r\n\t\t\t\t<div class=\"premium-blog-entry-meta\">\r\n\t\t\t\r\n\t\t\t\r\n\t\t\t\r\n\t\t\t\t\t<\/div>\r\n\t\t\r\n\t\t\t\t\t<\/div>\r\n\r\n\t\t\t\t\t\t\t<div class=\"premium-blog-content-inner-wrapper\">\r\n\t\t<p class=\"premium-blog-post-content\">Ces rencontres ont \u00e9t\u00e9 l\u2019occasion d\u2019aborder des th\u00e9matiques cl\u00e9s, notamment la Convention du M\u00e8tre, qui constitue la base du syst\u00e8me international d\u2019unit\u00e9s \u2026<\/p>\t\t<\/div>\r\n\t\t\t\t\t\t\t\r\n\t\t\t\t<\/div>\r\n\t\t\t<\/div>\r\n\t\t<\/div>\r\n\r\n\t\t\t\t<div class=\"premium-blog-post-outer-container\" data-total=\"1\">\r\n\t\t\t<div class=\"premium-blog-post-container premium-blog-skin-modern\">\r\n\t\t\t\t\t\t\t\t\t<div class=\"premium-blog-thumb-effect-wrapper\">\r\n\t\t\t\t\t\t<div class=\"premium-blog-thumbnail-container premium-blog-zoomin-effect\">\r\n\t\t\t\t\t\t\t\t\t\t\t<a href=\"https:\/\/onml.dz\/ar\/2025\/06\/01\/visite-officielle-de-la-delegation-de-loam-au-centre-national-de-recherche-en-metrologie-rostest-en-russie\/\" target=\"_blank\">\r\n\t\t\t\t<img decoding=\"async\" width=\"618\" height=\"342\" src=\"https:\/\/onml.dz\/wp-content\/uploads\/2025\/06\/Capture45.png\" class=\"attachment-full size-full wp-image-1286\" alt=\"\" srcset=\"https:\/\/onml.dz\/wp-content\/uploads\/2025\/06\/Capture45.png 618w, https:\/\/onml.dz\/wp-content\/uploads\/2025\/06\/Capture45-300x166.png 300w, https:\/\/onml.dz\/wp-content\/uploads\/2025\/06\/Capture45-18x10.png 18w\" sizes=\"(max-width: 618px) 100vw, 618px\" \/>\t\t\t\t<\/a>\r\n\t\t\t\t\t\t\t\t\t\t<\/div>\r\n\t\t\t\t\t\t\t\t\t\t\t\t\t<div class=\"premium-blog-effect-container premium-blog-squares-effect\">\r\n\t\t\t\t\t\t\t\t<a class=\"premium-blog-post-link\" href=\"https:\/\/onml.dz\/ar\/2025\/06\/01\/visite-officielle-de-la-delegation-de-loam-au-centre-national-de-recherche-en-metrologie-rostest-en-russie\/\" target=\"_blank\"><span>Visite officielle de la d\u00e9l\u00e9gation de l\u2019OAM au Centre national de recherche en m\u00e9trologie- Rostest en Russie<\/span><\/a>\r\n\t\t\t\t\t\t\t\t\t\t\t\t\t\t\t\t\t<div class=\"premium-blog-squares-square-container\"><\/div>\r\n\t\t\t\t\t\t\t\t\t\t\t\t\t\t\t<\/div>\r\n\t\t\t\t\t\t\t\t\t\t\t<\/div>\r\n\t\t\t\t\t\t\t\t\t\t\t\t<div class=\"premium-blog-content-wrapper\">\r\n\r\n\t\t\t\t\t<div class=\"premium-blog-inner-container\">\r\n\r\n\t\t\t\t\t\t\t\t\t\t\t\t\t\t<h2 class=\"premium-blog-entry-title\">\r\n\t\t\t<a href=\"https:\/\/onml.dz\/ar\/2025\/06\/01\/visite-officielle-de-la-delegation-de-loam-au-centre-national-de-recherche-en-metrologie-rostest-en-russie\/\" target=\"_blank\">\r\n\t\t\t\tVisite officielle de la d\u00e9l\u00e9gation de l\u2019OAM au Centre national de recherche en m\u00e9trologie- Rostest en Russie\t\t\t<\/a>\r\n\t\t<\/h2>\r\n\t\t\t\t<div class=\"premium-blog-entry-meta\">\r\n\t\t\t\r\n\t\t\t\r\n\t\t\t\r\n\t\t\t\t\t<\/div>\r\n\t\t\r\n\t\t\t\t\t<\/div>\r\n\r\n\t\t\t\t\t\t\t<div class=\"premium-blog-content-inner-wrapper\">\r\n\t\t<p class=\"premium-blog-post-content\">Moscou, 21 mai 2025 \u2014 Dans le cadre du forum international \u00ab M\u00e9trologie sans fronti\u00e8res \u00bb, l\u2019Office alg\u00e9rien de m\u00e9trologie (OAM) a effectu\u00e9 une visite officielle au si\u00e8ge de l\u2019Institution budg\u00e9taire f\u00e9d\u00e9rale \u00ab Centre de recherche en m\u00e9trologie Appliqu\u00e9e \u2013 Rostest (FBU \u00ab NRC PM - Rostest \u00bb), l\u2019un des instituts les plus avanc\u00e9s en mati\u00e8re de recherche, d\u2019essais et d\u2019\u00e9talonnage.<\/p>\t\t<\/div>\r\n\t\t\t\t\t\t\t\r\n\t\t\t\t<\/div>\r\n\t\t\t<\/div>\r\n\t\t<\/div>\r\n\r\n\t\t\t\t<div class=\"premium-blog-post-outer-container\" data-total=\"1\">\r\n\t\t\t<div class=\"premium-blog-post-container premium-blog-skin-modern\">\r\n\t\t\t\t\t\t\t\t\t<div class=\"premium-blog-thumb-effect-wrapper\">\r\n\t\t\t\t\t\t<div class=\"premium-blog-thumbnail-container premium-blog-zoomin-effect\">\r\n\t\t\t\t\t\t\t\t\t\t\t<a href=\"https:\/\/onml.dz\/ar\/2025\/06\/01\/cooperation-internationale-entre-lalgerie-et-la-russie-en-marge-du-forum-metrologie-sans-frontieres\/\" target=\"_blank\">\r\n\t\t\t\t<img decoding=\"async\" width=\"637\" height=\"424\" src=\"https:\/\/onml.dz\/wp-content\/uploads\/2025\/06\/photo1.png\" class=\"attachment-full size-full wp-image-1254\" alt=\"Moscou, 21 mai 2025 \u2013 En marge du Forum international de m\u00e9trologie et de l\u2019exposition \u00ab M\u00e9trologie sans fronti\u00e8res \u00bb, la d\u00e9l\u00e9gation russe de Rosstandart, dirig\u00e9e par Anton Shalaev, a sign\u00e9 plusieurs accords de coop\u00e9ration, dont un m\u00e9morandum important avec l\u2019Office Alg\u00e9rienne de M\u00e9trologie (OAM). Ce document a \u00e9t\u00e9 sign\u00e9 par le directeur g\u00e9n\u00e9ral de l\u2019OAM, Rabah Messili, soulignant un partenariat technique strat\u00e9gique entre les deux pays.\" srcset=\"https:\/\/onml.dz\/wp-content\/uploads\/2025\/06\/photo1.png 637w, https:\/\/onml.dz\/wp-content\/uploads\/2025\/06\/photo1-300x200.png 300w, https:\/\/onml.dz\/wp-content\/uploads\/2025\/06\/photo1-18x12.png 18w\" sizes=\"(max-width: 637px) 100vw, 637px\" \/>\t\t\t\t<\/a>\r\n\t\t\t\t\t\t\t\t\t\t<\/div>\r\n\t\t\t\t\t\t\t\t\t\t\t\t\t<div class=\"premium-blog-effect-container premium-blog-squares-effect\">\r\n\t\t\t\t\t\t\t\t<a class=\"premium-blog-post-link\" href=\"https:\/\/onml.dz\/ar\/2025\/06\/01\/cooperation-internationale-entre-lalgerie-et-la-russie-en-marge-du-forum-metrologie-sans-frontieres\/\" target=\"_blank\"><span>Coop\u00e9ration internationale entre l\u2019Alg\u00e9rie et la Russie en marge du forum \u00ab M\u00e9trologie sans fronti\u00e8res \u00bb<\/span><\/a>\r\n\t\t\t\t\t\t\t\t\t\t\t\t\t\t\t\t\t<div class=\"premium-blog-squares-square-container\"><\/div>\r\n\t\t\t\t\t\t\t\t\t\t\t\t\t\t\t<\/div>\r\n\t\t\t\t\t\t\t\t\t\t\t<\/div>\r\n\t\t\t\t\t\t\t\t\t\t\t\t<div class=\"premium-blog-content-wrapper\">\r\n\r\n\t\t\t\t\t<div class=\"premium-blog-inner-container\">\r\n\r\n\t\t\t\t\t\t\t\t\t\t\t\t\t\t<h2 class=\"premium-blog-entry-title\">\r\n\t\t\t<a href=\"https:\/\/onml.dz\/ar\/2025\/06\/01\/cooperation-internationale-entre-lalgerie-et-la-russie-en-marge-du-forum-metrologie-sans-frontieres\/\" target=\"_blank\">\r\n\t\t\t\tCoop\u00e9ration internationale entre l\u2019Alg\u00e9rie et la Russie en marge du forum \u00ab M\u00e9trologie sans fronti\u00e8res \u00bb\t\t\t<\/a>\r\n\t\t<\/h2>\r\n\t\t\t\t<div class=\"premium-blog-entry-meta\">\r\n\t\t\t\r\n\t\t\t\r\n\t\t\t\r\n\t\t\t\t\t<\/div>\r\n\t\t\r\n\t\t\t\t\t<\/div>\r\n\r\n\t\t\t\t\t\t\t<div class=\"premium-blog-content-inner-wrapper\">\r\n\t\t<p class=\"premium-blog-post-content\">Cet accord porte sur plusieurs volets cl\u00e9s tels que la reconnaissance mutuelle des r\u00e9sultats de mesure et d\u2019\u00e9talonnage, le d\u00e9veloppement conjoint et \u2026<\/p>\t\t<\/div>\r\n\t\t\t\t\t\t\t\r\n\t\t\t\t<\/div>\r\n\t\t\t<\/div>\r\n\t\t<\/div>\r\n\r\n\t\t\t\t<div class=\"premium-blog-post-outer-container\" data-total=\"1\">\r\n\t\t\t<div class=\"premium-blog-post-container premium-blog-skin-modern\">\r\n\t\t\t\t\t\t\t\t\t<div class=\"premium-blog-thumb-effect-wrapper\">\r\n\t\t\t\t\t\t<div class=\"premium-blog-thumbnail-container premium-blog-zoomin-effect\">\r\n\t\t\t\t\t\t\t\t\t\t\t<a href=\"https:\/\/onml.dz\/ar\/2023\/10\/20\/la-metrologie-scientifique\/\" target=\"_blank\">\r\n\t\t\t\t<img loading=\"lazy\" decoding=\"async\" width=\"624\" height=\"317\" src=\"https:\/\/onml.dz\/wp-content\/uploads\/2023\/10\/Sans-titre-1.jpg\" class=\"attachment-full size-full wp-image-725\" alt=\"\" srcset=\"https:\/\/onml.dz\/wp-content\/uploads\/2023\/10\/Sans-titre-1.jpg 624w, https:\/\/onml.dz\/wp-content\/uploads\/2023\/10\/Sans-titre-1-300x152.jpg 300w, https:\/\/onml.dz\/wp-content\/uploads\/2023\/10\/Sans-titre-1-18x9.jpg 18w\" sizes=\"(max-width: 624px) 100vw, 624px\" \/>\t\t\t\t<\/a>\r\n\t\t\t\t\t\t\t\t\t\t<\/div>\r\n\t\t\t\t\t\t\t\t\t\t\t\t\t<div class=\"premium-blog-effect-container premium-blog-squares-effect\">\r\n\t\t\t\t\t\t\t\t<a class=\"premium-blog-post-link\" href=\"https:\/\/onml.dz\/ar\/2023\/10\/20\/la-metrologie-scientifique\/\" target=\"_blank\"><span>La m\u00e9trologie scientifique<\/span><\/a>\r\n\t\t\t\t\t\t\t\t\t\t\t\t\t\t\t\t\t<div class=\"premium-blog-squares-square-container\"><\/div>\r\n\t\t\t\t\t\t\t\t\t\t\t\t\t\t\t<\/div>\r\n\t\t\t\t\t\t\t\t\t\t\t<\/div>\r\n\t\t\t\t\t\t\t\t\t\t\t\t<div class=\"premium-blog-content-wrapper\">\r\n\r\n\t\t\t\t\t<div class=\"premium-blog-inner-container\">\r\n\r\n\t\t\t\t\t\t\t\t\t\t\t\t\t\t<h2 class=\"premium-blog-entry-title\">\r\n\t\t\t<a href=\"https:\/\/onml.dz\/ar\/2023\/10\/20\/la-metrologie-scientifique\/\" target=\"_blank\">\r\n\t\t\t\tLa m\u00e9trologie scientifique\t\t\t<\/a>\r\n\t\t<\/h2>\r\n\t\t\t\t<div class=\"premium-blog-entry-meta\">\r\n\t\t\t\r\n\t\t\t\r\n\t\t\t\r\n\t\t\t\t\t<\/div>\r\n\t\t\r\n\t\t\t\t\t<\/div>\r\n\r\n\t\t\t\t\t\t\t<div class=\"premium-blog-content-inner-wrapper\">\r\n\t\t<p class=\"premium-blog-post-content\">Couvre tous les aspects g\u00e9n\u00e9raux th\u00e9oriques et pratiques relatifs aux unit\u00e9s de mesure, aux \u00e9talons de mesure, aux m\u00e9thodes et r\u00e9sultats de mesure (calculs d\u2018erreurs et incertitude)<\/p>\t\t<\/div>\r\n\t\t\t\t\t\t\t\r\n\t\t\t\t<\/div>\r\n\t\t\t<\/div>\r\n\t\t<\/div>\r\n\r\n\t\t\t\t<div class=\"premium-blog-post-outer-container\" data-total=\"1\">\r\n\t\t\t<div class=\"premium-blog-post-container premium-blog-skin-modern\">\r\n\t\t\t\t\t\t\t\t\t<div class=\"premium-blog-thumb-effect-wrapper\">\r\n\t\t\t\t\t\t<div class=\"premium-blog-thumbnail-container premium-blog-zoomin-effect\">\r\n\t\t\t\t\t\t\t\t\t\t\t<a href=\"https:\/\/onml.dz\/ar\/2023\/10\/20\/la-metrologie-legale-et-la-securite\/\" target=\"_blank\">\r\n\t\t\t\t<img loading=\"lazy\" decoding=\"async\" width=\"1200\" height=\"800\" src=\"https:\/\/onml.dz\/wp-content\/uploads\/2023\/10\/UHm0cJGpSLLUUYV5YzWoykl6sJ5znbDy1680531349.jpg\" class=\"attachment-full size-full wp-image-728\" alt=\"\" srcset=\"https:\/\/onml.dz\/wp-content\/uploads\/2023\/10\/UHm0cJGpSLLUUYV5YzWoykl6sJ5znbDy1680531349.jpg 1200w, https:\/\/onml.dz\/wp-content\/uploads\/2023\/10\/UHm0cJGpSLLUUYV5YzWoykl6sJ5znbDy1680531349-300x200.jpg 300w, https:\/\/onml.dz\/wp-content\/uploads\/2023\/10\/UHm0cJGpSLLUUYV5YzWoykl6sJ5znbDy1680531349-1024x683.jpg 1024w, https:\/\/onml.dz\/wp-content\/uploads\/2023\/10\/UHm0cJGpSLLUUYV5YzWoykl6sJ5znbDy1680531349-768x512.jpg 768w, https:\/\/onml.dz\/wp-content\/uploads\/2023\/10\/UHm0cJGpSLLUUYV5YzWoykl6sJ5znbDy1680531349-18x12.jpg 18w\" sizes=\"(max-width: 1200px) 100vw, 1200px\" \/>\t\t\t\t<\/a>\r\n\t\t\t\t\t\t\t\t\t\t<\/div>\r\n\t\t\t\t\t\t\t\t\t\t\t\t\t<div class=\"premium-blog-effect-container premium-blog-squares-effect\">\r\n\t\t\t\t\t\t\t\t<a class=\"premium-blog-post-link\" href=\"https:\/\/onml.dz\/ar\/2023\/10\/20\/la-metrologie-legale-et-la-securite\/\" target=\"_blank\"><span>La m\u00e9trologie l\u00e9gale<\/span><\/a>\r\n\t\t\t\t\t\t\t\t\t\t\t\t\t\t\t\t\t<div class=\"premium-blog-squares-square-container\"><\/div>\r\n\t\t\t\t\t\t\t\t\t\t\t\t\t\t\t<\/div>\r\n\t\t\t\t\t\t\t\t\t\t\t<\/div>\r\n\t\t\t\t\t\t\t\t\t\t\t\t<div class=\"premium-blog-content-wrapper\">\r\n\r\n\t\t\t\t\t<div class=\"premium-blog-inner-container\">\r\n\r\n\t\t\t\t\t\t\t\t\t\t\t\t\t\t<h2 class=\"premium-blog-entry-title\">\r\n\t\t\t<a href=\"https:\/\/onml.dz\/ar\/2023\/10\/20\/la-metrologie-legale-et-la-securite\/\" target=\"_blank\">\r\n\t\t\t\tLa m\u00e9trologie l\u00e9gale\t\t\t<\/a>\r\n\t\t<\/h2>\r\n\t\t\t\t<div class=\"premium-blog-entry-meta\">\r\n\t\t\t\r\n\t\t\t\r\n\t\t\t\r\n\t\t\t\t\t<\/div>\r\n\t\t\r\n\t\t\t\t\t<\/div>\r\n\r\n\t\t\t\t\t\t\t<div class=\"premium-blog-content-inner-wrapper\">\r\n\t\t<p class=\"premium-blog-post-content\">L\u2019activit\u00e9 par laquelle l\u2019\u00c9tat intervient par voie r\u00e9glementaire sur les instruments de mesure r\u00e8glement\u00e9s. Cette intervention de l\u2019\u00c9tat a pour but de garantir la qualit\u00e9 des instruments de mesure ou des op\u00e9rations de mesurage touchant<\/p>\t\t<\/div>\r\n\t\t\t\t\t\t\t\r\n\t\t\t\t<\/div>\r\n\t\t\t<\/div>\r\n\t\t<\/div>\r\n\r\n\t\t\t\t<div class=\"premium-blog-post-outer-container\" data-total=\"1\">\r\n\t\t\t<div class=\"premium-blog-post-container premium-blog-skin-modern\">\r\n\t\t\t\t\t\t\t\t\t<div class=\"premium-blog-thumb-effect-wrapper\">\r\n\t\t\t\t\t\t<div class=\"premium-blog-thumbnail-container premium-blog-zoomin-effect\">\r\n\t\t\t\t\t\t\t\t\t\t\t<a href=\"https:\/\/onml.dz\/ar\/2023\/10\/20\/la-metrologie-industrielle\/\" target=\"_blank\">\r\n\t\t\t\t<img loading=\"lazy\" decoding=\"async\" width=\"1751\" height=\"874\" src=\"https:\/\/onml.dz\/wp-content\/uploads\/2023\/10\/metro.png\" class=\"attachment-full size-full wp-image-731\" alt=\"\" srcset=\"https:\/\/onml.dz\/wp-content\/uploads\/2023\/10\/metro.png 1751w, https:\/\/onml.dz\/wp-content\/uploads\/2023\/10\/metro-300x150.png 300w, https:\/\/onml.dz\/wp-content\/uploads\/2023\/10\/metro-1024x511.png 1024w, https:\/\/onml.dz\/wp-content\/uploads\/2023\/10\/metro-768x383.png 768w, https:\/\/onml.dz\/wp-content\/uploads\/2023\/10\/metro-1536x767.png 1536w, https:\/\/onml.dz\/wp-content\/uploads\/2023\/10\/metro-18x9.png 18w\" sizes=\"(max-width: 1751px) 100vw, 1751px\" \/>\t\t\t\t<\/a>\r\n\t\t\t\t\t\t\t\t\t\t<\/div>\r\n\t\t\t\t\t\t\t\t\t\t\t\t\t<div class=\"premium-blog-effect-container premium-blog-squares-effect\">\r\n\t\t\t\t\t\t\t\t<a class=\"premium-blog-post-link\" href=\"https:\/\/onml.dz\/ar\/2023\/10\/20\/la-metrologie-industrielle\/\" target=\"_blank\"><span>La m\u00e9trologie industrielle<\/span><\/a>\r\n\t\t\t\t\t\t\t\t\t\t\t\t\t\t\t\t\t<div class=\"premium-blog-squares-square-container\"><\/div>\r\n\t\t\t\t\t\t\t\t\t\t\t\t\t\t\t<\/div>\r\n\t\t\t\t\t\t\t\t\t\t\t<\/div>\r\n\t\t\t\t\t\t\t\t\t\t\t\t<div class=\"premium-blog-content-wrapper\">\r\n\r\n\t\t\t\t\t<div class=\"premium-blog-inner-container\">\r\n\r\n\t\t\t\t\t\t\t\t\t\t\t\t\t\t<h2 class=\"premium-blog-entry-title\">\r\n\t\t\t<a href=\"https:\/\/onml.dz\/ar\/2023\/10\/20\/la-metrologie-industrielle\/\" target=\"_blank\">\r\n\t\t\t\tLa m\u00e9trologie industrielle\t\t\t<\/a>\r\n\t\t<\/h2>\r\n\t\t\t\t<div class=\"premium-blog-entry-meta\">\r\n\t\t\t\r\n\t\t\t\r\n\t\t\t\r\n\t\t\t\t\t<\/div>\r\n\t\t\r\n\t\t\t\t\t<\/div>\r\n\r\n\t\t\t\t\t\t\t<div class=\"premium-blog-content-inner-wrapper\">\r\n\t\t<p class=\"premium-blog-post-content\">Couvre toutes les activit\u00e9s m\u00e9trologiques des installations industrielles : contr\u00f4le des processus de mesure, gestion des instruments de mesure, proc\u00e9dures de v\u00e9rification\/\u00e9talonnage (tra\u00e7abilit\u00e9 des mesures).<\/p>\t\t<\/div>\r\n\t\t\t\t\t\t\t\r\n\t\t\t\t<\/div>\r\n\t\t\t<\/div>\r\n\t\t<\/div>\r\n\r\n\t\t\t\t<\/div>\r\n\r\n\t\t\t\t\t\t<\/div>\n\t\t\t\t<\/div>\n\t\t\t\t\t<\/div>\n\t\t\t\t<\/div>\n\t\t\t\t<\/div>","protected":false},"excerpt":{"rendered":"<p>Renforcement des capacit\u00e9s en m\u00e9trologie Renforcement des capacit\u00e9s en m\u00e9trologie Appui \u00e0 la mise en place du nouveau syst\u00e8me national de m\u00e9trologie Dans le cadre du Programme d\u2019Appui \u00e0 la Diversification Industrielle et \u00e0 l\u2019Am\u00e9lioration du Climat des Affaires (PADICA), financ\u00e9 par l\u2019Union europ\u00e9enne, l\u2019Office National de M\u00e9trologie L\u00e9gale (ONML) a b\u00e9n\u00e9fici\u00e9 d\u2019un accompagnement strat\u00e9gique&#8230;<\/p>","protected":false},"author":1,"featured_media":0,"parent":0,"menu_order":0,"comment_status":"closed","ping_status":"closed","template":"","meta":{"_kad_post_transparent":"","_kad_post_title":"hide","_kad_post_layout":"fullwidth","_kad_post_sidebar_id":"","_kad_post_content_style":"unboxed","_kad_post_vertical_padding":"hide","_kad_post_feature":"hide","_kad_post_feature_position":"","_kad_post_header":false,"_kad_post_footer":false,"footnotes":""},"class_list":["post-756","page","type-page","status-publish","hentry"],"_links":{"self":[{"href":"https:\/\/onml.dz\/ar\/wp-json\/wp\/v2\/pages\/756","targetHints":{"allow":["GET"]}}],"collection":[{"href":"https:\/\/onml.dz\/ar\/wp-json\/wp\/v2\/pages"}],"about":[{"href":"https:\/\/onml.dz\/ar\/wp-json\/wp\/v2\/types\/page"}],"author":[{"embeddable":true,"href":"https:\/\/onml.dz\/ar\/wp-json\/wp\/v2\/users\/1"}],"replies":[{"embeddable":true,"href":"https:\/\/onml.dz\/ar\/wp-json\/wp\/v2\/comments?post=756"}],"version-history":[{"count":5,"href":"https:\/\/onml.dz\/ar\/wp-json\/wp\/v2\/pages\/756\/revisions"}],"predecessor-version":[{"id":1133,"href":"https:\/\/onml.dz\/ar\/wp-json\/wp\/v2\/pages\/756\/revisions\/1133"}],"wp:attachment":[{"href":"https:\/\/onml.dz\/ar\/wp-json\/wp\/v2\/media?parent=756"}],"curies":[{"name":"wp","href":"https:\/\/api.w.org\/{rel}","templated":true}]}}