{"id":387,"date":"2023-12-26T10:37:51","date_gmt":"2023-12-26T10:37:51","guid":{"rendered":"https:\/\/onml.dz\/?page_id=387"},"modified":"2023-12-26T12:34:59","modified_gmt":"2023-12-26T12:34:59","slug":"cinemometres-agrees","status":"publish","type":"page","link":"https:\/\/onml.dz\/ar\/cinemometres-agrees\/","title":{"rendered":"Cin\u00e9mom\u00e8tres Agr\u00e9es"},"content":{"rendered":"<div data-elementor-type=\"wp-page\" data-elementor-id=\"387\" class=\"elementor elementor-387\" data-elementor-post-type=\"page\">\n\t\t\t\t<div class=\"elementor-element elementor-element-c55a90f e-flex e-con-boxed e-con e-parent\" data-id=\"c55a90f\" data-element_type=\"container\">\n\t\t\t\t\t<div class=\"e-con-inner\">\n\t\t\t\t<div class=\"elementor-element elementor-element-b13e931 elementor-widget elementor-widget-heading\" data-id=\"b13e931\" data-element_type=\"widget\" data-widget_type=\"heading.default\">\n\t\t\t\t<div class=\"elementor-widget-container\">\n\t\t\t\t\t<h2 class=\"elementor-heading-title elementor-size-default\">Liste des R\u00e9parateurs\/ Installateurs Cin\u00e9mom\u00e8tres Agr\u00e9es<\/h2>\t\t\t\t<\/div>\n\t\t\t\t<\/div>\n\t\t\t\t\t<\/div>\n\t\t\t\t<\/div>\n\t\t<div class=\"elementor-element elementor-element-70d055b e-flex e-con-boxed e-con e-parent\" data-id=\"70d055b\" data-element_type=\"container\">\n\t\t\t\t\t<div class=\"e-con-inner\">\n\t\t\t\t<div class=\"elementor-element elementor-element-2ee4408 elementor-widget elementor-widget-shortcode\" data-id=\"2ee4408\" data-element_type=\"widget\" data-widget_type=\"shortcode.default\">\n\t\t\t\t<div class=\"elementor-widget-container\">\n\t\t\t\t\t\t\t<div class=\"elementor-shortcode\">\n<table id=\"tablepress-14\" class=\"tablepress tablepress-id-14\">\n<thead>\n<tr class=\"row-1\">\n\t<th class=\"column-1\">Nom<\/th><th class=\"column-2\">Pr\u00e9nom<\/th><th class=\"column-3\">Coordonn\u00e9es<\/th><th class=\"column-4\">N\u00b0 et Date de la D\u00e9cision<\/th><th class=\"column-5\">O B S <\/th>\n<\/tr>\n<\/thead>\n<tbody class=\"row-striping row-hover\">\n<tr class=\"row-2\">\n\t<td class=\"column-1\">BELALIA <\/td><td class=\"column-2\">Mohamed Cherif<\/td><td class=\"column-3\">01, Rue Omar Azzouz El Roustoumia \u2013 Dely brahim \u2013 Alger.  <\/td><td class=\"column-4\">N\u00b0008 du 03\/08\/2015<\/td><td class=\"column-5\"><\/td>\n<\/tr>\n<tr class=\"row-3\">\n\t<td class=\"column-1\">L'Etablissement Central de la T\u00e9l\u00e9matique Gendaremerie nationale Reghaia<\/td><td class=\"column-2\"><\/td><td class=\"column-3\">Commandement de la Gendaremerie Nationale (CGN)<\/td><td class=\"column-4\">N\u00b0002 du 01\/09\/2020<\/td><td class=\"column-5\">tests subit par MM.\u00a0: BENZAOUI Karim\u00a0\u2013 MESSOUS Ouassama \u2013 KHEMISSI Chiheb \u2013       GUIR Ismail \u2013 SI AMER Sofiane \u2013 GUETTAI Boubaker.<\/td>\n<\/tr>\n<\/tbody>\n<\/table>\n<!-- #tablepress-14 from cache --><\/div>\n\t\t\t\t\t\t<\/div>\n\t\t\t\t<\/div>\n\t\t\t\t\t<\/div>\n\t\t\t\t<\/div>\n\t\t\t\t<\/div>","protected":false},"excerpt":{"rendered":"<p>Liste des R\u00e9parateurs\/ Installateurs Cin\u00e9mom\u00e8tres Agr\u00e9es<\/p>","protected":false},"author":1,"featured_media":0,"parent":0,"menu_order":0,"comment_status":"closed","ping_status":"closed","template":"","meta":{"_kad_post_transparent":"","_kad_post_title":"hide","_kad_post_layout":"fullwidth","_kad_post_sidebar_id":"","_kad_post_content_style":"unboxed","_kad_post_vertical_padding":"hide","_kad_post_feature":"hide","_kad_post_feature_position":"","_kad_post_header":false,"_kad_post_footer":false,"footnotes":""},"class_list":["post-387","page","type-page","status-publish","hentry"],"_links":{"self":[{"href":"https:\/\/onml.dz\/ar\/wp-json\/wp\/v2\/pages\/387","targetHints":{"allow":["GET"]}}],"collection":[{"href":"https:\/\/onml.dz\/ar\/wp-json\/wp\/v2\/pages"}],"about":[{"href":"https:\/\/onml.dz\/ar\/wp-json\/wp\/v2\/types\/page"}],"author":[{"embeddable":true,"href":"https:\/\/onml.dz\/ar\/wp-json\/wp\/v2\/users\/1"}],"replies":[{"embeddable":true,"href":"https:\/\/onml.dz\/ar\/wp-json\/wp\/v2\/comments?post=387"}],"version-history":[{"count":4,"href":"https:\/\/onml.dz\/ar\/wp-json\/wp\/v2\/pages\/387\/revisions"}],"predecessor-version":[{"id":419,"href":"https:\/\/onml.dz\/ar\/wp-json\/wp\/v2\/pages\/387\/revisions\/419"}],"wp:attachment":[{"href":"https:\/\/onml.dz\/ar\/wp-json\/wp\/v2\/media?parent=387"}],"curies":[{"name":"wp","href":"https:\/\/api.w.org\/{rel}","templated":true}]}}