{"id":383,"date":"2023-12-26T10:35:34","date_gmt":"2023-12-26T10:35:34","guid":{"rendered":"https:\/\/onml.dz\/?page_id=383"},"modified":"2023-12-26T12:39:13","modified_gmt":"2023-12-26T12:39:13","slug":"taximetre-agrees","status":"publish","type":"page","link":"https:\/\/onml.dz\/ar\/taximetre-agrees\/","title":{"rendered":"Taxim\u00e8tre Agr\u00e9es"},"content":{"rendered":"<div data-elementor-type=\"wp-page\" data-elementor-id=\"383\" class=\"elementor elementor-383\" data-elementor-post-type=\"page\">\n\t\t\t\t<div class=\"elementor-element elementor-element-7b9fd66 e-flex e-con-boxed e-con e-parent\" data-id=\"7b9fd66\" data-element_type=\"container\">\n\t\t\t\t\t<div class=\"e-con-inner\">\n\t\t\t\t<div class=\"elementor-element elementor-element-b616d0b elementor-widget elementor-widget-heading\" data-id=\"b616d0b\" data-element_type=\"widget\" data-widget_type=\"heading.default\">\n\t\t\t\t<div class=\"elementor-widget-container\">\n\t\t\t\t\t<h2 class=\"elementor-heading-title elementor-size-default\">Liste des R\u00e9parateurs\/ Installateurs Taxim\u00e8tre Agr\u00e9es<\/h2>\t\t\t\t<\/div>\n\t\t\t\t<\/div>\n\t\t\t\t\t<\/div>\n\t\t\t\t<\/div>\n\t\t<div class=\"elementor-element elementor-element-e5739f8 e-flex e-con-boxed e-con e-parent\" data-id=\"e5739f8\" data-element_type=\"container\">\n\t\t\t\t\t<div class=\"e-con-inner\">\n\t\t\t\t<div class=\"elementor-element elementor-element-31f904e elementor-widget elementor-widget-shortcode\" data-id=\"31f904e\" data-element_type=\"widget\" data-widget_type=\"shortcode.default\">\n\t\t\t\t<div class=\"elementor-widget-container\">\n\t\t\t\t\t\t\t<div class=\"elementor-shortcode\">\n<table id=\"tablepress-12\" class=\"tablepress tablepress-id-12\">\n<thead>\n<tr class=\"row-1\">\n\t<th class=\"column-1\">NOM<\/th><th class=\"column-2\">PRENOM<\/th><th class=\"column-3\">Raison Sociale<\/th><th class=\"column-4\">Coordonn\u00e9es<\/th><th class=\"column-5\">N\u00b0 et Date de la D\u00e9cision<\/th><th class=\"column-6\">O B S <\/th>\n<\/tr>\n<\/thead>\n<tbody class=\"row-striping row-hover\">\n<tr class=\"row-2\">\n\t<td class=\"column-1\">BENSENOUCI<\/td><td class=\"column-2\">Sofiane<\/td><td class=\"column-3\"><\/td><td class=\"column-4\">Local N\u00b0 10 Kosque N\u00b0 10 Parking Hopital de Kouba 0772807676<\/td><td class=\"column-5\">N\u00b0 001\/92 du 10\/10\/1992<\/td><td class=\"column-6\"><\/td>\n<\/tr>\n<tr class=\"row-3\">\n\t<td class=\"column-1\">ABBOU<\/td><td class=\"column-2\">Bousaada<\/td><td class=\"column-3\"><\/td><td class=\"column-4\">Rue F N\u00b0 23 Castors Familiaux Oran T\u00e9l : (06) 32-36-06<\/td><td class=\"column-5\">N\u00b0 002\/92 du 10\/10\/1992<\/td><td class=\"column-6\"><\/td>\n<\/tr>\n<tr class=\"row-4\">\n\t<td class=\"column-1\">REBAA<\/td><td class=\"column-2\">Ali<\/td><td class=\"column-3\"><\/td><td class=\"column-4\">Lotissement Hidouci 8\u00e9me Rue N\u00b0 10 les Eucalptus Alger<\/td><td class=\"column-5\">N\u00b0 003\/92 du 09\/11\/1992<\/td><td class=\"column-6\"><\/td>\n<\/tr>\n<tr class=\"row-5\">\n\t<td class=\"column-1\">CHEMLAL<\/td><td class=\"column-2\">Amar<\/td><td class=\"column-3\"><\/td><td class=\"column-4\">02, Rue Louis Narbonne H.dey Alger<\/td><td class=\"column-5\">N\u00b0005\/92 du 27\/12\/1992<\/td><td class=\"column-6\">a cess\u00e9 l'activit\u00e9 en 1997 et a repris le 20\/01\/2011<\/td>\n<\/tr>\n<tr class=\"row-6\">\n\t<td class=\"column-1\">DOUKARI<\/td><td class=\"column-2\">M'hamed<\/td><td class=\"column-3\"><\/td><td class=\"column-4\">25, Rue Sidi Saadi (Beni-Messous) Alger fax:021 93 22 46\/ 0662043969<\/td><td class=\"column-5\">N\u00b0 001\/96 du 08\/06\/1996<\/td><td class=\"column-6\"><\/td>\n<\/tr>\n<tr class=\"row-7\">\n\t<td class=\"column-1\">IKHLEF<\/td><td class=\"column-2\">Med Said<\/td><td class=\"column-3\"><\/td><td class=\"column-4\">159, Rue Tripoli El Maquaria H-Dey Alger \/0771 30 78 91<\/td><td class=\"column-5\">N\u00b0 012\/00 du 13\/12\/2000<\/td><td class=\"column-6\"><\/td>\n<\/tr>\n<tr class=\"row-8\">\n\t<td class=\"column-1\">BERRAHAL<\/td><td class=\"column-2\">SALIH<\/td><td class=\"column-3\"><\/td><td class=\"column-4\">Sis Cit\u00e9 des eucalyptus n\u00b0 77 Didouche Mourad ConstantineTel : 031-90-81-31\/  07-71-12-53-65<\/td><td class=\"column-5\">N\u00b0 007\/02 du 27\/11\/2002<\/td><td class=\"column-6\"><\/td>\n<\/tr>\n<tr class=\"row-9\">\n\t<td class=\"column-1\">GUETTACHE<\/td><td class=\"column-2\">Feth Eddine<\/td><td class=\"column-3\"><\/td><td class=\"column-4\">UV 13 Nouvelle ville ali mendjeli Tel : 07-71-20-67-46<\/td><td class=\"column-5\">N\u00b0 008\/02 du 27\/11\/2002<\/td><td class=\"column-6\"><\/td>\n<\/tr>\n<tr class=\"row-10\">\n\t<td class=\"column-1\">MEHCHEM   <\/td><td class=\"column-2\">HOUSSEM - EDDINE<\/td><td class=\"column-3\"><\/td><td class=\"column-4\">73 Lot Schebat Miramar Rais Hamidou  Alger \/            0772 27 72 82<\/td><td class=\"column-5\">N\u00b0 007\/06 du 04\/06\/2006<\/td><td class=\"column-6\"><\/td>\n<\/tr>\n<tr class=\"row-11\">\n\t<td class=\"column-1\">DOUKARI<\/td><td class=\"column-2\">Mounir<\/td><td class=\"column-3\"><\/td><td class=\"column-4\">25 Rue Sidi Saad Beni Messous Alger \/ 0662 04 39 69 \/ 021 43 39 53<\/td><td class=\"column-5\">N\u00b0001\/08 du 05\/02\/2008<\/td><td class=\"column-6\"><\/td>\n<\/tr>\n<tr class=\"row-12\">\n\t<td class=\"column-1\">LAIB <\/td><td class=\"column-2\">Ismail<\/td><td class=\"column-3\"><\/td><td class=\"column-4\">Cit\u00e9 Sidi Abdalah - El Oued<\/td><td class=\"column-5\">N\u00b0005\/15 du 26\/07\/2015<\/td><td class=\"column-6\"><\/td>\n<\/tr>\n<tr class=\"row-13\">\n\t<td class=\"column-1\">YAHIA BENATTIA<\/td><td class=\"column-2\">Ahmed<\/td><td class=\"column-3\"><\/td><td class=\"column-4\">Cit\u00e9 othmania 1180 logts5-A n\u00b005 Maraval - Oran<\/td><td class=\"column-5\">N\u00b0006\/15 du 26\/07\/2015<\/td><td class=\"column-6\"><\/td>\n<\/tr>\n<tr class=\"row-14\">\n\t<td class=\"column-1\">ABBOU <\/td><td class=\"column-2\">Sofiane<\/td><td class=\"column-3\"><\/td><td class=\"column-4\">El Hadharia lot n\u00b008 section 43 groupement n\u00b007 commune et da\u00efra BOUTLILIS - Oran<\/td><td class=\"column-5\">N\u00b0007\/15 du 02\/08\/2015<\/td><td class=\"column-6\"><\/td>\n<\/tr>\n<tr class=\"row-15\">\n\t<td class=\"column-1\">ZERARI<\/td><td class=\"column-2\">Mahmoud<\/td><td class=\"column-3\"><\/td><td class=\"column-4\">24 Rue 36 Ha\u00ef el Fadjr El Alia Nord commune de Biskra Wilaya de Biskra. Mobile : 0771 63 63 62 <\/td><td class=\"column-5\">N\u00b0004\/16 du 13\/11\/2016<\/td><td class=\"column-6\"><\/td>\n<\/tr>\n<tr class=\"row-16\">\n\t<td class=\"column-1\">BENDHINA<\/td><td class=\"column-2\">khaled<\/td><td class=\"column-3\"><\/td><td class=\"column-4\">Cit\u00e9 Sema\u00efdia\u00a0; commune de Hammadi wilaya de Boumerdes<\/td><td class=\"column-5\">N\u00b0005\/16 du 13\/11\/2016<\/td><td class=\"column-6\"><\/td>\n<\/tr>\n<tr class=\"row-17\">\n\t<td class=\"column-1\">HELAL <\/td><td class=\"column-2\">Mohamed<\/td><td class=\"column-3\"><\/td><td class=\"column-4\">Lot 195 Errouchi, Rue Merrine Djilali commune de Sidi bel Abbes Wilaya de Sidi Bel Abbes\/0560982236\/fax: 048 77 63 56\/Email : midomecoi01@outlook,fr<\/td><td class=\"column-5\">N\u00b0009\/17 du 13\/08\/2017 nouvelle d\u00e9cision       n\u00b0006\/18 du 14\/05\/2018<\/td><td class=\"column-6\">changement d'adresse<\/td>\n<\/tr>\n<tr class=\"row-18\">\n\t<td class=\"column-1\">LEBBOUZ <\/td><td class=\"column-2\">Slimane<\/td><td class=\"column-3\"><\/td><td class=\"column-4\">Cit\u00e9 BOUZID Beni THOR - OUARGLA \/mob,0660391729\/tel 029702647\/ email : slimaneslimane30@gmail.com<\/td><td class=\"column-5\">N\u00b0010\/17 du 16\/08\/2017<\/td><td class=\"column-6\"><\/td>\n<\/tr>\n<tr class=\"row-19\">\n\t<td class=\"column-1\">ZIDANE <\/td><td class=\"column-2\">Tawfiq<\/td><td class=\"column-3\"><\/td><td class=\"column-4\">504 Logement - M'Sila\/Email toufikzidane@gmail,com\/tel:0669 37 48 25\/0770211169<\/td><td class=\"column-5\">N\u00b0012\/17 du 17\/09\/2017<\/td><td class=\"column-6\"><\/td>\n<\/tr>\n<tr class=\"row-20\">\n\t<td class=\"column-1\">DOUKARI <\/td><td class=\"column-2\">Rafik<\/td><td class=\"column-3\"><\/td><td class=\"column-4\">Cit\u00e9 Barkouk Chaiba - Tipaza\/Tel0550520522<\/td><td class=\"column-5\">N\u00b0001\/18 du 22\/02\/2018<\/td><td class=\"column-6\"><\/td>\n<\/tr>\n<tr class=\"row-21\">\n\t<td class=\"column-1\">BERRESSA  <\/td><td class=\"column-2\"> Lakhdar<\/td><td class=\"column-3\"><\/td><td class=\"column-4\">N\u00b071 cit\u00e9 Djamel Eddine - Oran \/ t\u00e9l : 05 51 18 39 77<\/td><td class=\"column-5\">N\u00b0005\/19 du 21\/08\/2019<\/td><td class=\"column-6\"><\/td>\n<\/tr>\n<tr class=\"row-22\">\n\t<td class=\"column-1\">MEGNOUCHE <\/td><td class=\"column-2\">Ibrahim <\/td><td class=\"column-3\"><\/td><td class=\"column-4\">Cit\u00e9 Sidi Youcef, N\u00b002 - Beni Messous - Alger<\/td><td class=\"column-5\">N\u00b0001\/21 du 03\/01\/2021<\/td><td class=\"column-6\"><\/td>\n<\/tr>\n<tr class=\"row-23\">\n\t<td class=\"column-1\">MAAMRI<\/td><td class=\"column-2\">Ali<\/td><td class=\"column-3\"><\/td><td class=\"column-4\">04 Cit\u00e9 Yasmine 70 logts coop 4\u00e8me \u00e9tage Bir  El Djir \u2013 Oran t\u00e9l : 05 60 02 77 85<\/td><td class=\"column-5\">N\u00b0004\/21 du 18\/02\/2021<\/td><td class=\"column-6\"><\/td>\n<\/tr>\n<tr class=\"row-24\">\n\t<td class=\"column-1\">GUETTECHE<\/td><td class=\"column-2\">Redouane<\/td><td class=\"column-3\"><\/td><td class=\"column-4\">Cit\u00e9 Cissaoui el klem Essabaa N\u00b036,commune de Constantine\/Tel : 07-72-73-34-18<\/td><td class=\"column-5\">N\u00b0008\/21 du 03\/08\/2021<\/td><td class=\"column-6\"><\/td>\n<\/tr>\n<tr class=\"row-25\">\n\t<td class=\"column-1\">GACEM<\/td><td class=\"column-2\"> Hacene<\/td><td class=\"column-3\"><\/td><td class=\"column-4\">parking hopital de kouba local N\u00b010 kouba Alger\/tel:0557806123\/0771358476\/Email:h.gacem2020@gmail.com<\/td><td class=\"column-5\">N\u00b0010\/21 du 03\/08\/2021<\/td><td class=\"column-6\"><\/td>\n<\/tr>\n<tr class=\"row-26\">\n\t<td class=\"column-1\">REZZOUG Djahid<\/td><td class=\"column-2\">Djahid<\/td><td class=\"column-3\"><\/td><td class=\"column-4\">Hay CHIBANI Mzssaoud N\u00b0052 Groupe Peopri\u00e9taire N\u00b0259, Commune El Oued Wilaya El Oued -T\u00e9\/0666920381\/ 0558540255\/ fax:032117568\/ Email:salahbbr@gmail.com<\/td><td class=\"column-5\">N\u00b0001\/22 du 02\/01\/2022 Nouvelle d\u00e9cision         N\u00b017\/22 du 17 07\/2022<\/td><td class=\"column-6\">changement d'adresse<\/td>\n<\/tr>\n<tr class=\"row-27\">\n\t<td class=\"column-1\">TRARI <\/td><td class=\"column-2\">Mohamed<\/td><td class=\"column-3\"><\/td><td class=\"column-4\">Route de S\u00e9halia cit\u00e9 Emir Khaled LSP 74 logts bloc B local N\u00b010 Tighenit \u2013 Wilaya Mascara t\u00e9l 0698469645 \/045860450\/0553599348\/Email : 0062431029DZ@gmail.com<\/td><td class=\"column-5\">N\u00b0002\/22 du 14\/01\/2022<\/td><td class=\"column-6\"><\/td>\n<\/tr>\n<tr class=\"row-28\">\n\t<td class=\"column-1\">DERKAOUA<\/td><td class=\"column-2\">Mohammed             El Amine<\/td><td class=\"column-3\"><\/td><td class=\"column-4\">24 Rue Zigoune Abdelkader, Hai Baba Ali, Sidi Said Commune Mascara\/T\u00e9l:0664841436\/ Email:habibdebbat.hd@gmail.com<\/td><td class=\"column-5\">N\u00b0016\/22 du 21\/06\/2022<\/td><td class=\"column-6\"><\/td>\n<\/tr>\n<tr class=\"row-29\">\n\t<td class=\"column-1\">BENMANSOUR <\/td><td class=\"column-2\">Med Habib<\/td><td class=\"column-3\">Eurl BENMANSOUR Taxim\u00e8tre Service<\/td><td class=\"column-4\">Zone Industrielle desserte N\u00b003 Tlemcen<\/td><td class=\"column-5\">N\u00b0 002\/14 du 27\/08\/2014<\/td><td class=\"column-6\"><\/td>\n<\/tr>\n<tr class=\"row-30\">\n\t<td class=\"column-1\">BOUDISSA<\/td><td class=\"column-2\">Saad<\/td><td class=\"column-3\">NOUR EL HOUDA<\/td><td class=\"column-4\">Lotissement Borchaki Bab Ezzouar Alger fax:021 24 93 53 - 0661540232<\/td><td class=\"column-5\">N\u00b0 002\/95 du 26\/06\/1995<\/td><td class=\"column-6\"><\/td>\n<\/tr>\n<\/tbody>\n<\/table>\n<!-- #tablepress-12 from cache --><\/div>\n\t\t\t\t\t\t<\/div>\n\t\t\t\t<\/div>\n\t\t\t\t\t<\/div>\n\t\t\t\t<\/div>\n\t\t\t\t<\/div>","protected":false},"excerpt":{"rendered":"<p>Liste des R\u00e9parateurs\/ Installateurs Taxim\u00e8tre Agr\u00e9es<\/p>","protected":false},"author":1,"featured_media":0,"parent":0,"menu_order":0,"comment_status":"closed","ping_status":"closed","template":"","meta":{"_kad_post_transparent":"","_kad_post_title":"hide","_kad_post_layout":"fullwidth","_kad_post_sidebar_id":"","_kad_post_content_style":"unboxed","_kad_post_vertical_padding":"hide","_kad_post_feature":"hide","_kad_post_feature_position":"","_kad_post_header":false,"_kad_post_footer":false,"footnotes":""},"class_list":["post-383","page","type-page","status-publish","hentry"],"_links":{"self":[{"href":"https:\/\/onml.dz\/ar\/wp-json\/wp\/v2\/pages\/383","targetHints":{"allow":["GET"]}}],"collection":[{"href":"https:\/\/onml.dz\/ar\/wp-json\/wp\/v2\/pages"}],"about":[{"href":"https:\/\/onml.dz\/ar\/wp-json\/wp\/v2\/types\/page"}],"author":[{"embeddable":true,"href":"https:\/\/onml.dz\/ar\/wp-json\/wp\/v2\/users\/1"}],"replies":[{"embeddable":true,"href":"https:\/\/onml.dz\/ar\/wp-json\/wp\/v2\/comments?post=383"}],"version-history":[{"count":4,"href":"https:\/\/onml.dz\/ar\/wp-json\/wp\/v2\/pages\/383\/revisions"}],"predecessor-version":[{"id":425,"href":"https:\/\/onml.dz\/ar\/wp-json\/wp\/v2\/pages\/383\/revisions\/425"}],"wp:attachment":[{"href":"https:\/\/onml.dz\/ar\/wp-json\/wp\/v2\/media?parent=383"}],"curies":[{"name":"wp","href":"https:\/\/api.w.org\/{rel}","templated":true}]}}