{"id":21,"date":"2023-10-19T09:04:28","date_gmt":"2023-10-19T09:04:28","guid":{"rendered":"https:\/\/onml.dz\/?page_id=21"},"modified":"2023-10-21T12:40:37","modified_gmt":"2023-10-21T12:40:37","slug":"reseau-national-des-laboratoires","status":"publish","type":"page","link":"https:\/\/onml.dz\/ar\/reseau-national-des-laboratoires\/","title":{"rendered":"R\u00e9seau National des Laboratoires"},"content":{"rendered":"<div data-elementor-type=\"wp-page\" data-elementor-id=\"21\" class=\"elementor elementor-21\" data-elementor-post-type=\"page\">\n\t\t\t\t<div class=\"elementor-element elementor-element-7602a76 e-flex e-con-boxed e-con e-parent\" data-id=\"7602a76\" data-element_type=\"container\">\n\t\t\t\t\t<div class=\"e-con-inner\">\n\t\t\t\t<div class=\"elementor-element elementor-element-97df746 elementor-widget elementor-widget-shortcode\" data-id=\"97df746\" data-element_type=\"widget\" data-widget_type=\"shortcode.default\">\n\t\t\t\t<div class=\"elementor-widget-container\">\n\t\t\t\t\t\t\t<div class=\"elementor-shortcode\">\n<table id=\"tablepress-4\" class=\"tablepress tablepress-id-4\">\n<thead>\n<tr class=\"row-1\">\n\t<th class=\"column-1\">Organismes Accr\u00e9dit\u00e9s\u00a0<\/th><th class=\"column-2\">S\u00e9cteur d'activit\u00e9 <\/th>\n<\/tr>\n<\/thead>\n<tbody class=\"row-striping row-hover\">\n<tr class=\"row-2\">\n\t<td class=\"column-1\">Air Alg\u00e9rie \u2013 Division Maintenance et R\u00e9paration<\/td><td class=\"column-2\">Pression \/ Electricit\u00e9 \/ couple<\/td>\n<\/tr>\n<tr class=\"row-3\">\n\t<td class=\"column-1\">ESCLAB \u2013 Laboratoire <\/td><td class=\"column-2\">Pesage \/  Temp\u00e9rature  \/ Hygrom\u00e9trie \/  Pression <\/td>\n<\/tr>\n<tr class=\"row-4\">\n\t<td class=\"column-1\">SADEG Spa \u2013(EX : CREDEG)<\/td><td class=\"column-2\">Electricit\u00e9<\/td>\n<\/tr>\n<tr class=\"row-5\">\n\t<td class=\"column-1\">ISQ Sarl<\/td><td class=\"column-2\">Masse \/ Temp\u00e9rature \/ Hygrom\u00e9trie \/ volume <\/td>\n<\/tr>\n<tr class=\"row-6\">\n\t<td class=\"column-1\">RE EL SERVICES \u2013 Laboratoire d\u2019Etalonnage<\/td><td class=\"column-2\">Temp\u00e9rature \/ Hygrom\u00e9trie \/ Pression \/ Electricit\u00e9<\/td>\n<\/tr>\n<tr class=\"row-7\">\n\t<td class=\"column-1\">ORFEE \u2013 Groupe BCR \u2013 Laboratoire d\u2019Etalonnage<\/td><td class=\"column-2\"><\/td>\n<\/tr>\n<tr class=\"row-8\">\n\t<td class=\"column-1\">ALEX \u2013 Contr\u00f4le Technique<\/td><td class=\"column-2\">Dimentionnel \/ Temp\u00e9rature \/ Hygrom\u00e9trie \/ Pression \/force  \/ couple<\/td>\n<\/tr>\n<tr class=\"row-9\">\n\t<td class=\"column-1\">CIDME \u2013 ANP<\/td><td class=\"column-2\">Pesage \/Electricit\u00e9\/ Pression \/ volume <\/td>\n<\/tr>\n<tr class=\"row-10\">\n\t<td class=\"column-1\">EGPS \u2013 Laboratoire d\u2019Etalonnage<\/td><td class=\"column-2\">Dimentionnel \/Temp\u00e9rature \/ Pression \/ Electricit\u00e9 \/ couple<\/td>\n<\/tr>\n<tr class=\"row-11\">\n\t<td class=\"column-1\">CETIM \u2013 Laboratoire d\u2019Etalonnage<\/td><td class=\"column-2\">Masse \/ Temp\u00e9rature<\/td>\n<\/tr>\n<tr class=\"row-12\">\n\t<td class=\"column-1\">METROTEC Alg\u00e9rie<\/td><td class=\"column-2\">Dimentoinnel<\/td>\n<\/tr>\n<tr class=\"row-13\">\n\t<td class=\"column-1\">SANIAK \u2013 Groupe BCR<\/td><td class=\"column-2\">Dimentoinnel<\/td>\n<\/tr>\n<tr class=\"row-14\">\n\t<td class=\"column-1\">ALICEF SPA (Ex : VINCOTTE Alg\u00e9rie)<\/td><td class=\"column-2\">Temp\u00e9rature\/  Pression \/couple <\/td>\n<\/tr>\n<tr class=\"row-15\">\n\t<td class=\"column-1\">SARL CENTRE EXPERTISE<\/td><td class=\"column-2\">Temp\u00e9rature\/  Pression <\/td>\n<\/tr>\n<tr class=\"row-16\">\n\t<td class=\"column-1\">EURL CMA \u2013 CALIBRATION ET METROLOGIE ALGERIE<\/td><td class=\"column-2\">Pesage  \/ Temp\u00e9rature \/  Hygrom\u00e9trie \/ Pression <\/td>\n<\/tr>\n<tr class=\"row-17\">\n\t<td class=\"column-1\">SADIMET M\u00e9trologie<\/td><td class=\"column-2\">Electricit\u00e9<\/td>\n<\/tr>\n<tr class=\"row-18\">\n\t<td class=\"column-1\">IRMA Global Services<\/td><td class=\"column-2\">Temp\u00e9rature\/Pression <br \/>\n<\/td>\n<\/tr>\n<tr class=\"row-19\">\n\t<td class=\"column-1\">Sarl ALPEC<\/td><td class=\"column-2\">Pression <br \/>\n<\/td>\n<\/tr>\n<tr class=\"row-20\">\n\t<td class=\"column-1\">Sarl Laboratoires VENUS SAPECO<\/td><td class=\"column-2\">Temp\u00e9rature<br \/>\n<\/td>\n<\/tr>\n<tr class=\"row-21\">\n\t<td class=\"column-1\">FERTIAL SPA \u2013 Annaba \u2013 Laboratoire Agronomique<\/td><td class=\"column-2\">Roche, sol et mines <\/td>\n<\/tr>\n<tr class=\"row-22\">\n\t<td class=\"column-1\">URASM-CRTI Unit\u00e9 de \u00a0Recherches Appliqu\u00e9es en Sid\u00e9rurgie M\u00e9tallurgie<\/td><td class=\"column-2\">essais m\u00e9caniques et chimique du mat\u00e9riaux \/Mat\u00e9riaux de construction<\/td>\n<\/tr>\n<tr class=\"row-23\">\n\t<td class=\"column-1\">LES MOULINS DE LA CHORFA \u2013 Groupe METIDJI \u2013 Unit\u00e9 de Production Mostaganem<\/td><td class=\"column-2\"> Agro<\/td>\n<\/tr>\n<tr class=\"row-24\">\n\t<td class=\"column-1\">Institut National de Criminalistique e et Criminologie- INCC-GN<\/td><td class=\"column-2\">Agro\/Roche, sol et mines \/Produit textile\/Analyse biologie m\u00e9dicale <\/td>\n<\/tr>\n<tr class=\"row-25\">\n\t<td class=\"column-1\">Centre National de Contr\u00f4le et de Certification des Semences et Plants \u2013 CNCC<\/td><td class=\"column-2\">Agro<\/td>\n<\/tr>\n<tr class=\"row-26\">\n\t<td class=\"column-1\">Laboratoire Central V\u00e9t\u00e9rinaire LCV-INMV<\/td><td class=\"column-2\">Agro\/S\u00e9curit\u00e9 animale <\/td>\n<\/tr>\n<tr class=\"row-27\">\n\t<td class=\"column-1\">FERTIAL SPA \u2013 Arzew \u2013 Laboratoire Agronomique<\/td><td class=\"column-2\">Roche, sol et mines <\/td>\n<\/tr>\n<tr class=\"row-28\">\n\t<td class=\"column-1\">Mediterranean Float Glass \u2013 MFG \u2013 Groupe CEVITAL \u2013 Laboratoire Central<\/td><td class=\"column-2\">S\u00e9curit\u00e9 Industrielle<\/td>\n<\/tr>\n<tr class=\"row-29\">\n\t<td class=\"column-1\">Centre National d\u2019Etudes et de Recherche Int\u00e9gr\u00e9es du B\u00e2timent CNERIB<\/td><td class=\"column-2\">Mat\u00e9riaux de construction <\/td>\n<\/tr>\n<tr class=\"row-30\">\n\t<td class=\"column-1\">Laboratoire Central \u2013 Soci\u00e9t\u00e9 des Eaux et de l\u2019Assainissement d\u2019Alger \u2013 SEAAL<\/td><td class=\"column-2\">Agro\/S\u00e9curit\u00e9 Industrielle<\/td>\n<\/tr>\n<tr class=\"row-31\">\n\t<td class=\"column-1\">Laboratoire de la Raffinerie RA1K \u2013 SONATRACH Skikda<\/td><td class=\"column-2\">Gaz &amp; produit p\u00e9trolier <\/td>\n<\/tr>\n<tr class=\"row-32\">\n\t<td class=\"column-1\">Laboratoire de la Raffinerie RA1G \u2013 SONATRACH Alger<\/td><td class=\"column-2\">Gaz &amp; produit p\u00e9trolier <\/td>\n<\/tr>\n<tr class=\"row-33\">\n\t<td class=\"column-1\">Laboratoire de la Raffinerie RA1Z \u2013 SONATRACH Arzew<\/td><td class=\"column-2\">Roche, sol et mines <\/td>\n<\/tr>\n<tr class=\"row-34\">\n\t<td class=\"column-1\">Centre National de Toxicologie \u2013 CNT<\/td><td class=\"column-2\">Analyse biologie m\u00e9dicale <\/td>\n<\/tr>\n<tr class=\"row-35\">\n\t<td class=\"column-1\">SANIAK \u2013 Groupe BCR<\/td><td class=\"column-2\">essais m\u00e9caniques et chimique du mat\u00e9riaux <\/td>\n<\/tr>\n<tr class=\"row-36\">\n\t<td class=\"column-1\">Complexe GP1Z \u2013 SONATRACH \u2013 Activit\u00e9 LRP \u2013 Direction LQS<\/td><td class=\"column-2\">Gaz &amp; produit p\u00e9trolier <\/td>\n<\/tr>\n<tr class=\"row-37\">\n\t<td class=\"column-1\">Laboratoire Central des Travaux Publics \u2013 LCTP<\/td><td class=\"column-2\">Mat\u00e9riaux de construction <\/td>\n<\/tr>\n<tr class=\"row-38\">\n\t<td class=\"column-1\">Centre d\u2019\u00c9tudes et de Services Technologiques de l\u2019Industrie des Mat\u00e9riaux de Construction \u2013 CETIM<\/td><td class=\"column-2\">Mat\u00e9riaux de construction <\/td>\n<\/tr>\n<tr class=\"row-39\">\n\t<td class=\"column-1\">Laboratoire Central des Mat\u00e9riaux \u2013 COSIDER Engineering<\/td><td class=\"column-2\">Mat\u00e9riaux de construction <\/td>\n<\/tr>\n<tr class=\"row-40\">\n\t<td class=\"column-1\">Electricit\u00e9 Gaz P\u00e9trole Service \u2013 Sarl EGPS<\/td><td class=\"column-2\">S\u00e9curit\u00e9 Industrielle<\/td>\n<\/tr>\n<tr class=\"row-41\">\n\t<td class=\"column-1\">Laboratoire Essais M\u00e9caniques et Analyses Chimiques - Entreprise des Tracteurs Agricoles, EPE Spa ETRAG<\/td><td class=\"column-2\">essais m\u00e9caniques et chimique du mat\u00e9riaux <\/td>\n<\/tr>\n<tr class=\"row-42\">\n\t<td class=\"column-1\">Soci\u00e9t\u00e9 des Industries M\u00e9caniques et Accessoires \u2013 ORSIM<\/td><td class=\"column-2\">essais m\u00e9caniques et chimique du mat\u00e9riaux <\/td>\n<\/tr>\n<tr class=\"row-43\">\n\t<td class=\"column-1\">ORFEE \u2013 Groupe BCR<\/td><td class=\"column-2\">essais m\u00e9caniques et chimique du mat\u00e9riaux <\/td>\n<\/tr>\n<tr class=\"row-44\">\n\t<td class=\"column-1\">ALAFAPIPE \u2013 Tuberie GHARDAIA<\/td><td class=\"column-2\">essais m\u00e9caniques et chimique du mat\u00e9riaux <\/td>\n<\/tr>\n<tr class=\"row-45\">\n\t<td class=\"column-1\">ALAFAPIPE \u2013 Tuberie ANNABA<\/td><td class=\"column-2\">essais m\u00e9caniques et chimique du mat\u00e9riaux <\/td>\n<\/tr>\n<tr class=\"row-46\">\n\t<td class=\"column-1\">Division Laboratoires \u2013 Activit\u00e9 Exploration et Production \u2013 SONATRACH Boumerd\u00e9s<\/td><td class=\"column-2\">Agro \/Gaz &amp; produit p\u00e9trolier \/S\u00e9curit\u00e9 Industrielle<\/td>\n<\/tr>\n<tr class=\"row-47\">\n\t<td class=\"column-1\">Electronics Testing Center \u2013 ETC<\/td><td class=\"column-2\">S\u00e9curit\u00e9 Industrielle<\/td>\n<\/tr>\n<tr class=\"row-48\">\n\t<td class=\"column-1\">SARL Laboratoires VENUS \u2013 SAPECO<\/td><td class=\"column-2\">S\u00e9curit\u00e9 Industrielle<\/td>\n<\/tr>\n<tr class=\"row-49\">\n\t<td class=\"column-1\">Eurl Wissem Bijoux<\/td><td class=\"column-2\">essais m\u00e9caniques et chimique du mat\u00e9riaux <\/td>\n<\/tr>\n<tr class=\"row-50\">\n\t<td class=\"column-1\">Soci\u00e9t\u00e9 de l\u2019Eau et d\u2019Assainissement d\u2019Oran \u2013 SEOR<\/td><td class=\"column-2\">Agro \/S\u00e9curit\u00e9 Industrielle<\/td>\n<\/tr>\n<tr class=\"row-51\">\n\t<td class=\"column-1\">SARL B.Z OR<\/td><td class=\"column-2\">essais m\u00e9caniques et chimique du mat\u00e9riaux <\/td>\n<\/tr>\n<tr class=\"row-52\">\n\t<td class=\"column-1\">Centre \u00a0de D\u00e9veloppement d\u2019Analyse en Agro-Industrie CDAAI \u2013 Groupe AGRODIV<\/td><td class=\"column-2\">Agro<\/td>\n<\/tr>\n<tr class=\"row-53\">\n\t<td class=\"column-1\">Centre Alg\u00e9rien du Contr\u00f4le de la Qualit\u00e9 et de l\u2019Emballage \u2013 CACQE<\/td><td class=\"column-2\">Agro\/S\u00e9curit\u00e9 animale <\/td>\n<\/tr>\n<tr class=\"row-54\">\n\t<td class=\"column-1\">SARL FORAID MAINTENANCE<\/td><td class=\"column-2\">S\u00e9curit\u00e9 Industrielle<\/td>\n<\/tr>\n<tr class=\"row-55\">\n\t<td class=\"column-1\">Laboratoire des Travaux Publics du Sud \u2013 LTPS<\/td><td class=\"column-2\">Mat\u00e9riaux de construction <\/td>\n<\/tr>\n<tr class=\"row-56\">\n\t<td class=\"column-1\">EURL CHAHIR<\/td><td class=\"column-2\">essais m\u00e9caniques et chimique du mat\u00e9riaux <\/td>\n<\/tr>\n<tr class=\"row-57\">\n\t<td class=\"column-1\">Sonatrach \/ Activit\u00e9 TRC \/ Direction Maintenance Laghouat \u2013 DML<\/td><td class=\"column-2\">S\u00e9curit\u00e9 Industrielle<\/td>\n<\/tr>\n<tr class=\"row-58\">\n\t<td class=\"column-1\">Laboratoire de Contr\u00f4le de la Qualit\u00e9 et de la Conformit\u00e9 \u2013 ESAFAA LAB<\/td><td class=\"column-2\">Agro <\/td>\n<\/tr>\n<tr class=\"row-59\">\n\t<td class=\"column-1\">Office National de Recherche G\u00e9ologique et Mini\u00e8re \u2013 ORGM<\/td><td class=\"column-2\">Roche, sol et mines <\/td>\n<\/tr>\n<tr class=\"row-60\">\n\t<td class=\"column-1\">Eurl The Best in Gold<\/td><td class=\"column-2\">essais m\u00e9caniques et chimique du mat\u00e9riaux <\/td>\n<\/tr>\n<tr class=\"row-61\">\n\t<td class=\"column-1\">Sarl GECOTRIM<\/td><td class=\"column-2\">S\u00e9curit\u00e9 Industrielle<\/td>\n<\/tr>\n<\/tbody>\n<\/table>\n<!-- #tablepress-4 from cache --><\/div>\n\t\t\t\t\t\t<\/div>\n\t\t\t\t<\/div>\n\t\t\t\t\t<\/div>\n\t\t\t\t<\/div>\n\t\t\t\t<\/div>","protected":false},"excerpt":{"rendered":"","protected":false},"author":1,"featured_media":0,"parent":0,"menu_order":0,"comment_status":"closed","ping_status":"closed","template":"","meta":{"_kad_post_transparent":"","_kad_post_title":"hide","_kad_post_layout":"fullwidth","_kad_post_sidebar_id":"","_kad_post_content_style":"unboxed","_kad_post_vertical_padding":"hide","_kad_post_feature":"hide","_kad_post_feature_position":"","_kad_post_header":false,"_kad_post_footer":false,"footnotes":""},"class_list":["post-21","page","type-page","status-publish","hentry"],"_links":{"self":[{"href":"https:\/\/onml.dz\/ar\/wp-json\/wp\/v2\/pages\/21","targetHints":{"allow":["GET"]}}],"collection":[{"href":"https:\/\/onml.dz\/ar\/wp-json\/wp\/v2\/pages"}],"about":[{"href":"https:\/\/onml.dz\/ar\/wp-json\/wp\/v2\/types\/page"}],"author":[{"embeddable":true,"href":"https:\/\/onml.dz\/ar\/wp-json\/wp\/v2\/users\/1"}],"replies":[{"embeddable":true,"href":"https:\/\/onml.dz\/ar\/wp-json\/wp\/v2\/comments?post=21"}],"version-history":[{"count":5,"href":"https:\/\/onml.dz\/ar\/wp-json\/wp\/v2\/pages\/21\/revisions"}],"predecessor-version":[{"id":295,"href":"https:\/\/onml.dz\/ar\/wp-json\/wp\/v2\/pages\/21\/revisions\/295"}],"wp:attachment":[{"href":"https:\/\/onml.dz\/ar\/wp-json\/wp\/v2\/media?parent=21"}],"curies":[{"name":"wp","href":"https:\/\/api.w.org\/{rel}","templated":true}]}}