{"id":15,"date":"2023-10-19T08:58:24","date_gmt":"2023-10-19T08:58:24","guid":{"rendered":"https:\/\/onml.dz\/?page_id=15"},"modified":"2023-10-21T12:23:02","modified_gmt":"2023-10-21T12:23:02","slug":"publications","status":"publish","type":"page","link":"https:\/\/onml.dz\/ar\/publications\/","title":{"rendered":"Publications"},"content":{"rendered":"<div data-elementor-type=\"wp-page\" data-elementor-id=\"15\" class=\"elementor elementor-15\" data-elementor-post-type=\"page\">\n\t\t\t\t<div class=\"elementor-element elementor-element-4ff43be e-flex e-con-boxed e-con e-parent\" data-id=\"4ff43be\" data-element_type=\"container\">\n\t\t\t\t\t<div class=\"e-con-inner\">\n\t\t\t\t<div class=\"elementor-element elementor-element-0ee08de elementor-widget elementor-widget-shortcode\" data-id=\"0ee08de\" data-element_type=\"widget\" data-widget_type=\"shortcode.default\">\n\t\t\t\t<div class=\"elementor-widget-container\">\n\t\t\t\t\t\t\t<div class=\"elementor-shortcode\">\n<table id=\"tablepress-1\" class=\"tablepress tablepress-id-1\">\n<thead>\n<tr class=\"row-1\">\n\t<th class=\"column-1\">R\u00e9f\u00e9rence<\/th><th class=\"column-2\">Intitul\u00e9<\/th><th class=\"column-3\">Date de l'Edition<\/th>\n<\/tr>\n<\/thead>\n<tbody class=\"row-striping row-hover\">\n<tr class=\"row-2\">\n\t<td class=\"column-1\">V3<\/td><td class=\"column-2\">Hardness testing dictionary (quadrilingual French-English-German-Russian) \/ Dictionnaire des essais de duret\u00e9 (\u00e9dition quadrilingue fran\u00e7ais-anglais-allemand-russe) \/<\/td><td class=\"column-3\">1991<\/td>\n<\/tr>\n<tr class=\"row-3\">\n\t<td class=\"column-1\">V2<\/td><td class=\"column-2\">International vocabulary of basic and general terms in metrology (VIM) (bilingual French-English) \/ Vocabulaire international des termes fondamentaux et g\u00e9n\u00e9raux de m\u00e9trologie (VIM) (bilingue fran\u00e7ais-anglais) \/<\/td><td class=\"column-3\">1993<\/td>\n<\/tr>\n<tr class=\"row-4\">\n\t<td class=\"column-1\">V1<\/td><td class=\"column-2\">International vocabulary of terms in legal metrology (VIML) (bilingual French-English) \/ Vocabulaire international des termes de m\u00e9trologie l\u00e9gale (VIML) (bilingue fran\u00e7ais-anglais) \/<\/td><td class=\"column-3\">2000<\/td>\n<\/tr>\n<tr class=\"row-5\">\n\t<td class=\"column-1\">R99-ISO3930 <\/td><td class=\"column-2\">Instruments de mesure des gaz d'\u00e9chappement des v\u00e9hicules (publication conjointe ISO3930\/OIML R 99)<\/td><td class=\"column-3\">2000<\/td>\n<\/tr>\n<tr class=\"row-6\">\n\t<td class=\"column-1\">R99-ISO3930<\/td><td class=\"column-2\">Amendement: Instruments de mesure des gaz d'\u00e9chappement des v\u00e9hicules (publication conjointe ISO3930\/OIML R 99)<\/td><td class=\"column-3\">\/<\/td>\n<\/tr>\n<tr class=\"row-7\">\n\t<td class=\"column-1\">R98<\/td><td class=\"column-2\">Mesures mat\u00e9rialis\u00e9es de longueur \u00e0 traits de haute pr\u00e9cision<\/td><td class=\"column-3\">1991<\/td>\n<\/tr>\n<tr class=\"row-8\">\n\t<td class=\"column-1\">R97<\/td><td class=\"column-2\">Barom\u00e8tres<\/td><td class=\"column-3\">1990<\/td>\n<\/tr>\n<tr class=\"row-9\">\n\t<td class=\"column-1\">R96<\/td><td class=\"column-2\">Bouteilles r\u00e9cipients-mesures<\/td><td class=\"column-3\">1990<\/td>\n<\/tr>\n<\/tbody>\n<\/table>\n<!-- #tablepress-1 from cache --><\/div>\n\t\t\t\t\t\t<\/div>\n\t\t\t\t<\/div>\n\t\t\t\t\t<\/div>\n\t\t\t\t<\/div>\n\t\t\t\t<\/div>","protected":false},"excerpt":{"rendered":"","protected":false},"author":1,"featured_media":0,"parent":0,"menu_order":0,"comment_status":"closed","ping_status":"closed","template":"","meta":{"_kad_post_transparent":"","_kad_post_title":"hide","_kad_post_layout":"fullwidth","_kad_post_sidebar_id":"","_kad_post_content_style":"unboxed","_kad_post_vertical_padding":"hide","_kad_post_feature":"hide","_kad_post_feature_position":"","_kad_post_header":false,"_kad_post_footer":false,"footnotes":""},"class_list":["post-15","page","type-page","status-publish","hentry"],"_links":{"self":[{"href":"https:\/\/onml.dz\/ar\/wp-json\/wp\/v2\/pages\/15","targetHints":{"allow":["GET"]}}],"collection":[{"href":"https:\/\/onml.dz\/ar\/wp-json\/wp\/v2\/pages"}],"about":[{"href":"https:\/\/onml.dz\/ar\/wp-json\/wp\/v2\/types\/page"}],"author":[{"embeddable":true,"href":"https:\/\/onml.dz\/ar\/wp-json\/wp\/v2\/users\/1"}],"replies":[{"embeddable":true,"href":"https:\/\/onml.dz\/ar\/wp-json\/wp\/v2\/comments?post=15"}],"version-history":[{"count":7,"href":"https:\/\/onml.dz\/ar\/wp-json\/wp\/v2\/pages\/15\/revisions"}],"predecessor-version":[{"id":233,"href":"https:\/\/onml.dz\/ar\/wp-json\/wp\/v2\/pages\/15\/revisions\/233"}],"wp:attachment":[{"href":"https:\/\/onml.dz\/ar\/wp-json\/wp\/v2\/media?parent=15"}],"curies":[{"name":"wp","href":"https:\/\/api.w.org\/{rel}","templated":true}]}}